{"id":13,"date":"2015-06-18T07:28:42","date_gmt":"2015-06-18T07:28:42","guid":{"rendered":"http:\/\/aubontuyau.com\/?page_id=13"},"modified":"2026-01-17T15:56:47","modified_gmt":"2026-01-17T15:56:47","slug":"depannage-poele-a-granule","status":"publish","type":"page","link":"https:\/\/aubontuyau.com\/?page_id=13","title":{"rendered":"D\u00c9PANNAGE POELE A GRANUL\u00c9"},"content":{"rendered":"<div class=\"BoiteDepannage\">\n<div class=\"BoiteDepannage\">\n<p><a href=\"http:\/\/aubontuyau.com\/wp-content\/uploads\/2018\/01\/electrician-499799_1920.jpg\"><img loading=\"lazy\" decoding=\"async\" class=\"alignnone  wp-image-991\" src=\"http:\/\/aubontuyau.com\/wp-content\/uploads\/2018\/01\/electrician-499799_1920-300x200.jpg\" alt=\"\" width=\"389\" height=\"263\" \/><\/a><a title=\"D\u00c9PANNAGE\" href=\"http:\/\/aubontuyau.com\/?page_id=13\">\u00a0<\/a><\/p>\n<p>Suite\u00a0\u00e0\u00a0mon <strong>diagnostic<\/strong>, si je\u00a0d\u00e9tecte sur votre installation une <strong>anomalie<\/strong>,\u00a0je vous\u00a0proposerai la meilleure <strong>solution<\/strong> au regard de\u00a0mon <strong>exp\u00e9rience<\/strong> par le biais d&rsquo;un devis de remise en <strong>conformit\u00e9<\/strong> ou de fonctionnement\u00a0.<\/p>\n<\/div>\n<h2>TARIF 2026 POUR LE D\u00c9PANNAGE POELE<\/h2>\n<div class=\"Colonne30\">\n<h3><strong>Po\u00eale \u00e0 granul\u00e9 \/ PELLET<\/strong><\/h3>\n<p><strong>80 \u20ac \/ heure d\u2019intervention<\/strong><br \/>\n<strong> + d\u00e9placement 1.50\u20ac\/KM\u00a0 maxi 50km<\/strong><\/p>\n<\/div>\n<div class=\"BoiteTarif\">\n<p>Horaires des services de <strong>9h00<\/strong> \u00e0 <strong>19h00<\/strong> du lundi au vendredi.<\/p>\n<p><strong>Tous nos tarifs sont affich\u00e9s en TTC<\/strong><\/p>\n<\/div>\n<\/div>\n","protected":false},"excerpt":{"rendered":"<p>\u00a0 Suite\u00a0\u00e0\u00a0mon diagnostic, si je\u00a0d\u00e9tecte sur votre installation une anomalie,\u00a0je vous\u00a0proposerai la meilleure solution au regard de\u00a0mon exp\u00e9rience par le biais d&rsquo;un devis de remise en conformit\u00e9 ou de fonctionnement\u00a0. TARIF 2026 POUR LE D\u00c9PANNAGE POELE Po\u00eale \u00e0 granul\u00e9 \/ &hellip; <a href=\"https:\/\/aubontuyau.com\/?page_id=13\">Continuer la lecture <span class=\"meta-nav\">&rarr;<\/span><\/a><\/p>\n","protected":false},"author":1,"featured_media":0,"parent":0,"menu_order":0,"comment_status":"closed","ping_status":"open","template":"","meta":{"_exactmetrics_skip_tracking":false,"_exactmetrics_sitenote_active":false,"_exactmetrics_sitenote_note":"","_exactmetrics_sitenote_category":0,"footnotes":""},"class_list":["post-13","page","type-page","status-publish","hentry"],"_links":{"self":[{"href":"https:\/\/aubontuyau.com\/index.php?rest_route=\/wp\/v2\/pages\/13"}],"collection":[{"href":"https:\/\/aubontuyau.com\/index.php?rest_route=\/wp\/v2\/pages"}],"about":[{"href":"https:\/\/aubontuyau.com\/index.php?rest_route=\/wp\/v2\/types\/page"}],"author":[{"embeddable":true,"href":"https:\/\/aubontuyau.com\/index.php?rest_route=\/wp\/v2\/users\/1"}],"replies":[{"embeddable":true,"href":"https:\/\/aubontuyau.com\/index.php?rest_route=%2Fwp%2Fv2%2Fcomments&post=13"}],"version-history":[{"count":2,"href":"https:\/\/aubontuyau.com\/index.php?rest_route=\/wp\/v2\/pages\/13\/revisions"}],"predecessor-version":[{"id":2445,"href":"https:\/\/aubontuyau.com\/index.php?rest_route=\/wp\/v2\/pages\/13\/revisions\/2445"}],"wp:attachment":[{"href":"https:\/\/aubontuyau.com\/index.php?rest_route=%2Fwp%2Fv2%2Fmedia&parent=13"}],"curies":[{"name":"wp","href":"https:\/\/api.w.org\/{rel}","templated":true}]}}