{"id":15,"date":"2015-06-18T07:29:06","date_gmt":"2015-06-18T07:29:06","guid":{"rendered":"http:\/\/aubontuyau.com\/?page_id=15"},"modified":"2026-01-17T15:57:55","modified_gmt":"2026-01-17T15:57:55","slug":"diagnostic","status":"publish","type":"page","link":"https:\/\/aubontuyau.com\/?page_id=15","title":{"rendered":"DIAGNOSTIC"},"content":{"rendered":"<div class=\"BoiteDiagnostic\">\n<p><a title=\"DIAGNOSTIC\" href=\"http:\/\/aubontuyau.com\/?page_id=15\"><img loading=\"lazy\" decoding=\"async\" class=\"alignnone size-medium wp-image-113\" src=\"http:\/\/aubontuyau.com\/wp-content\/uploads\/2015\/06\/write-593333_1280-300x177.jpg\" alt=\"write-593333_1280\" width=\"300\" height=\"177\" srcset=\"https:\/\/aubontuyau.com\/wp-content\/uploads\/2015\/06\/write-593333_1280-300x177.jpg 300w, https:\/\/aubontuyau.com\/wp-content\/uploads\/2015\/06\/write-593333_1280-1024x605.jpg 1024w, https:\/\/aubontuyau.com\/wp-content\/uploads\/2015\/06\/write-593333_1280-500x295.jpg 500w, https:\/\/aubontuyau.com\/wp-content\/uploads\/2015\/06\/write-593333_1280.jpg 1280w\" sizes=\"(max-width: 300px) 100vw, 300px\" \/><\/a><\/p>\n<p>Votre syst\u00e8me de chauffage\u00a0a<strong> bois<\/strong> ou\u00a0\u00e0 <strong>granul\u00e9<\/strong> de bois se compose d\u2019un ensemble d\u2019\u00e9quipements dont la combinaison efficace vous garantie ses meilleures <strong>performances<\/strong>.<\/p>\n<p>En cas de difficult\u00e9 d\u2019utilisation ou d\u2019<strong>anomalie<\/strong> de fonctionnement de votre <strong>installation<\/strong>,\u00a0mon <strong>diagnostic<\/strong> peut vous aider\u00a0\u00e0 r\u00e9soudre imm\u00e9diatement ce qui peut parfois prendre l&rsquo;apparence\u00a0 d&rsquo;une<strong> panne<\/strong>.\u00a0Je vous aiguillerai sur les choix\u00a0\u00e0 r\u00e9aliser afin de vous accompagner sur les bonnes d\u00e9cisions.<\/p>\n<\/div>\n<h2>TARIF 2026 POUR UN DIAGNOSTIC<\/h2>\n<div class=\"Colonne30\">\n<h3><strong>Po\u00eale \u00e0 granul\u00e9 \/ PO\u00eale \u00e0 PELLET<\/strong><\/h3>\n<p><strong>80 \u20ac \/ l\u2019intervention<\/strong><br \/>\n<strong> + d\u00e9placement 1.00\u20ac\/KM\u00a0 maxi 50km<\/strong><\/p>\n<\/div>\n<div class=\"BoiteTarif\">\n<p>Horaires des services de <strong>9h00<\/strong> \u00e0 <strong>19h00<\/strong> du<strong> lundi au vendredi.<\/strong><\/p>\n<p><strong>Tous nos tarifs sont affich\u00e9s en TTC<\/strong><\/p>\n<\/div>\n","protected":false},"excerpt":{"rendered":"<p>Votre syst\u00e8me de chauffage\u00a0a bois ou\u00a0\u00e0 granul\u00e9 de bois se compose d\u2019un ensemble d\u2019\u00e9quipements dont la combinaison efficace vous garantie ses meilleures performances. En cas de difficult\u00e9 d\u2019utilisation ou d\u2019anomalie de fonctionnement de votre installation,\u00a0mon diagnostic peut vous aider\u00a0\u00e0 r\u00e9soudre &hellip; <a href=\"https:\/\/aubontuyau.com\/?page_id=15\">Continuer la lecture <span class=\"meta-nav\">&rarr;<\/span><\/a><\/p>\n","protected":false},"author":1,"featured_media":0,"parent":0,"menu_order":0,"comment_status":"closed","ping_status":"open","template":"","meta":{"_exactmetrics_skip_tracking":false,"_exactmetrics_sitenote_active":false,"_exactmetrics_sitenote_note":"","_exactmetrics_sitenote_category":0,"footnotes":""},"class_list":["post-15","page","type-page","status-publish","hentry"],"_links":{"self":[{"href":"https:\/\/aubontuyau.com\/index.php?rest_route=\/wp\/v2\/pages\/15"}],"collection":[{"href":"https:\/\/aubontuyau.com\/index.php?rest_route=\/wp\/v2\/pages"}],"about":[{"href":"https:\/\/aubontuyau.com\/index.php?rest_route=\/wp\/v2\/types\/page"}],"author":[{"embeddable":true,"href":"https:\/\/aubontuyau.com\/index.php?rest_route=\/wp\/v2\/users\/1"}],"replies":[{"embeddable":true,"href":"https:\/\/aubontuyau.com\/index.php?rest_route=%2Fwp%2Fv2%2Fcomments&post=15"}],"version-history":[{"count":3,"href":"https:\/\/aubontuyau.com\/index.php?rest_route=\/wp\/v2\/pages\/15\/revisions"}],"predecessor-version":[{"id":2446,"href":"https:\/\/aubontuyau.com\/index.php?rest_route=\/wp\/v2\/pages\/15\/revisions\/2446"}],"wp:attachment":[{"href":"https:\/\/aubontuyau.com\/index.php?rest_route=%2Fwp%2Fv2%2Fmedia&parent=15"}],"curies":[{"name":"wp","href":"https:\/\/api.w.org\/{rel}","templated":true}]}}