{"id":17,"date":"2015-06-18T07:29:31","date_gmt":"2015-06-18T07:29:31","guid":{"rendered":"http:\/\/aubontuyau.com\/?page_id=17"},"modified":"2026-01-17T16:00:20","modified_gmt":"2026-01-17T16:00:20","slug":"mise-service-poele","status":"publish","type":"page","link":"https:\/\/aubontuyau.com\/?page_id=17","title":{"rendered":"MISE EN SERVICE POELE"},"content":{"rendered":"<div class=\"BoiteDiagnostic\">\n<p><a title=\"MISE EN SERVICE\" href=\"http:\/\/aubontuyau.com\/?page_id=17\"><img loading=\"lazy\" decoding=\"async\" class=\"\" src=\"http:\/\/i.ytimg.com\/vi\/-DhSH5ODNOY\/hqdefault.jpg\" alt=\"\" width=\"405\" height=\"306\" \/><\/a><\/p>\n<p>Votre appareil <strong>a granul\u00e9\/pellet de bois<\/strong> n\u00e9cessite obligatoirement l\u2019optimisation \u00a0des param\u00e8tres techniques apr\u00e8s son installation (source que choisir\u2026. ).\u00a0J&rsquo;optimise ainsi votre appareil<strong> sur mesure<\/strong>, et permet ainsi d\u2019exploiter les meilleures<strong> performances<\/strong> de votre appareil.<\/p>\n<p>Aussi il est <strong>essentiel<\/strong> de bien <strong>conna\u00eetre<\/strong> votre installation et comprendre son fonctionnement pour que vous puissiez utiliser aux mieux ses <strong>performances<\/strong>, et ainsi r\u00e9aliser de v\u00e9ritables <strong>\u00e9conomies<\/strong> d\u2019\u00e9nergies. Saviez vous que augmentez la temp\u00e9rature d\u2019<strong>un seul degr\u00e9<\/strong> conduit a consommer jusqu\u2019a <strong>7%<\/strong> d\u2019\u00e9nergie en plus (source Ademe).<\/p>\n<\/div>\n<h2>LA MISE EN SERVICE COMPREND<\/h2>\n<ol>\n<li>Le r\u00e9glage de l\u2019appareil qui est n\u00e9cessaire pour chaque installation<\/li>\n<li>Le conseil pour l\u2019utilisation \u00a0ainsi que les explications sur l\u2019entretien n\u00e9cessaire par le client<\/li>\n<\/ol>\n<p>La mise en service comprend aussi, un<strong> contr\u00f4le<\/strong> visuel de l\u2019installation et n\u2019engage en aucun cas notre r<strong>esponsabilit\u00e9<\/strong> sur la qualit\u00e9 et l\u2019avenir de celle-ci.La mise en service comprend une <strong>analyse<\/strong> normative\u00a0 de l\u2019installation dans la mesure o\u00f9 celle-ci soit possible et<strong> accessible<\/strong>.<\/p>\n<p>En aucun cas l\u2019entreprise n\u2019intervient sur\u00a0ou ne modifie l\u2019installation lors d\u2019une <strong>mise en service.<\/strong><\/p>\n<p>Dans le cas o\u00f9 un<strong> risque<\/strong> est constat\u00e9, ou que le bon d\u00e9roulement de la<strong> mise en service<\/strong> ne soit rendu possible par la <strong>qualit\u00e9<\/strong> de l\u2019installation.<\/p>\n<p>Dans ce cas pr\u00e9cis, le client doit r\u00e9gler la premi\u00e8re intervention au<strong> tarif<\/strong> d\u2019un <strong>diagnostic<\/strong>. Cela peut se r\u00e9p\u00e9ter jusqu&rsquo;\u00e0 la remise en conformit\u00e9 de l\u2019installation, la mise en service sera effectu\u00e9e au <strong>tarif<\/strong> normal.<\/p>\n<h2>TARIF 2026 POUR LA MISE EN SERVICE<\/h2>\n<div class=\"Colonne30\">\n<h3><strong>Po\u00eale \u00e0 granul\u00e9 \/po\u00eale \u00e0 pellet<\/strong><\/h3>\n<p><strong>200 \u20ac \/ intervention et d\u00e9placement 30km . de 30 a 40km\u00a0 +15.00\u20ac suppl\u00e9mentaire de 40 a 50km+25.00\u20ac suppl\u00e9mentaire . maxi 50km<\/strong><\/p>\n<\/div>\n<div class=\"BoiteTarif\">\n<p>Horaires des services de<strong> 9h00<\/strong> \u00e0 <strong>19h00<\/strong> du <strong>lundi<\/strong> au<strong> vendredi<\/strong>.<\/p>\n<p><strong>Tous nos tarifs sont affich\u00e9s en TTC<\/strong><\/p>\n<\/div>\n","protected":false},"excerpt":{"rendered":"<p>Votre appareil a granul\u00e9\/pellet de bois n\u00e9cessite obligatoirement l\u2019optimisation \u00a0des param\u00e8tres techniques apr\u00e8s son installation (source que choisir\u2026. ).\u00a0J&rsquo;optimise ainsi votre appareil sur mesure, et permet ainsi d\u2019exploiter les meilleures performances de votre appareil. Aussi il est essentiel de bien &hellip; <a href=\"https:\/\/aubontuyau.com\/?page_id=17\">Continuer la lecture <span class=\"meta-nav\">&rarr;<\/span><\/a><\/p>\n","protected":false},"author":1,"featured_media":0,"parent":0,"menu_order":0,"comment_status":"closed","ping_status":"open","template":"","meta":{"_exactmetrics_skip_tracking":false,"_exactmetrics_sitenote_active":false,"_exactmetrics_sitenote_note":"","_exactmetrics_sitenote_category":0,"footnotes":""},"class_list":["post-17","page","type-page","status-publish","hentry"],"_links":{"self":[{"href":"https:\/\/aubontuyau.com\/index.php?rest_route=\/wp\/v2\/pages\/17"}],"collection":[{"href":"https:\/\/aubontuyau.com\/index.php?rest_route=\/wp\/v2\/pages"}],"about":[{"href":"https:\/\/aubontuyau.com\/index.php?rest_route=\/wp\/v2\/types\/page"}],"author":[{"embeddable":true,"href":"https:\/\/aubontuyau.com\/index.php?rest_route=\/wp\/v2\/users\/1"}],"replies":[{"embeddable":true,"href":"https:\/\/aubontuyau.com\/index.php?rest_route=%2Fwp%2Fv2%2Fcomments&post=17"}],"version-history":[{"count":2,"href":"https:\/\/aubontuyau.com\/index.php?rest_route=\/wp\/v2\/pages\/17\/revisions"}],"predecessor-version":[{"id":2449,"href":"https:\/\/aubontuyau.com\/index.php?rest_route=\/wp\/v2\/pages\/17\/revisions\/2449"}],"wp:attachment":[{"href":"https:\/\/aubontuyau.com\/index.php?rest_route=%2Fwp%2Fv2%2Fmedia&parent=17"}],"curies":[{"name":"wp","href":"https:\/\/api.w.org\/{rel}","templated":true}]}}