{"id":334,"date":"2016-03-24T17:35:55","date_gmt":"2016-03-24T17:35:55","guid":{"rendered":"http:\/\/aubontuyau.com\/?page_id=334"},"modified":"2026-01-17T16:01:29","modified_gmt":"2026-01-17T16:01:29","slug":"pose-poele-bois-granule","status":"publish","type":"page","link":"https:\/\/aubontuyau.com\/?page_id=334","title":{"rendered":"POSE PO\u00caLE BOIS &#038; GRANUL\u00c9"},"content":{"rendered":"<p style=\"text-align: left;\"><a href=\"http:\/\/aubontuyau.com\/wp-content\/uploads\/2018\/01\/ventilation-pipe-1863148_1920.jpg\"><img loading=\"lazy\" decoding=\"async\" class=\"alignnone size-medium wp-image-994\" src=\"http:\/\/aubontuyau.com\/wp-content\/uploads\/2018\/01\/ventilation-pipe-1863148_1920-272x300.jpg\" alt=\"\" width=\"272\" height=\"300\" srcset=\"https:\/\/aubontuyau.com\/wp-content\/uploads\/2018\/01\/ventilation-pipe-1863148_1920-272x300.jpg 272w, https:\/\/aubontuyau.com\/wp-content\/uploads\/2018\/01\/ventilation-pipe-1863148_1920-768x848.jpg 768w, https:\/\/aubontuyau.com\/wp-content\/uploads\/2018\/01\/ventilation-pipe-1863148_1920-927x1024.jpg 927w, https:\/\/aubontuyau.com\/wp-content\/uploads\/2018\/01\/ventilation-pipe-1863148_1920.jpg 1738w\" sizes=\"(max-width: 272px) 100vw, 272px\" \/><\/a><\/p>\n<h2 class=\"titre2\">Installation de po\u00eales \u00e0 bois<\/h2>\n<p class=\"texte\"><strong>Le po\u00eale \u00e0 bois<\/strong> comme la chemin\u00e9e nous offrent le chaleureux spectacle de la flamme. Un spectacle des plus agr\u00e9ables pour une chaleur douce et enveloppante.<br \/>\nAvec tr\u00e8s peu de bois, vous atteignez pr\u00e8s de <strong>80 %<\/strong> de rendement .<br \/>\nVous recherchez un <strong>professionnel<\/strong> pour l<strong>\u2019installation d\u2019un po\u00eale \u00e0 bois<\/strong>.Je vous propose mes<strong> services<\/strong> et mes<strong> comp\u00e9tences<\/strong>. je commence par un <strong>diagnostic<\/strong> de faisabilit\u00e9 puis un <strong>devis de pose<\/strong>.<\/p>\n<h2 class=\"titre2\">Installation de po\u00eales \u00e0 granul\u00e9s<\/h2>\n<p class=\"texte\">Pratiques et bien souvent moins encombrants que les chemin\u00e9es,<strong> les po\u00eales \u00e0 granul\u00e9s<\/strong> sont autonomes. Vous pouvez les programmer tout au long de la journ\u00e9e.Vous atteignez pr\u00e8s de<strong> 93 %<\/strong> de rendement.Son installation et plus diversifi\u00e9 gr\u00e2ce des possibilit\u00e9 de pose plus vari\u00e9 toujours\u00a0dans le respect des <strong>normes de s\u00e9curit\u00e9<\/strong>.Compatible avec toutes les maisons.Sa\u00a0consommation \u00e9lectrique est\u00a0tr\u00e8s faible.Vous recherchez un <strong>professionnel<\/strong> pour l<strong>\u2019installation d\u2019un po\u00eale \u00e0 granul\u00e9<\/strong>.Je vous propose mes <strong>services<\/strong> et mes <strong>comp\u00e9tences<\/strong>. je commence par un <strong>diagnostic<\/strong> de faisabilit\u00e9 puis un <strong>devis de pose<\/strong>.<\/p>\n<h2>TARIF 2026 POUR UN DIAGNOSTIC<\/h2>\n<div class=\"Colonne30\">\n<h3><strong>PO\u00caLE \u00c0 bois &amp; GRANUL\u00c9<\/strong><\/h3>\n<p><strong>60 \u20ac \/ le devis et d\u00e9placement 30km rembours\u00e9 apr\u00e9s acceptation du devis . de 30 a 40km\u00a0 +15.00\u20ac suppl\u00e9mentaire de 40 a 50km+25.00\u20ac suppl\u00e9mentaire . maxi 50km<\/strong><\/p>\n<\/div>\n<div class=\"BoiteTarif\">\n<p>Horaires des services de <strong>9h00<\/strong> \u00e0 <strong>19h00<\/strong> du<strong> lundi au vendredi.<\/strong><\/p>\n<p><strong>Tous nos tarifs sont affich\u00e9s en TTC<\/strong><\/p>\n<\/div>\n","protected":false},"excerpt":{"rendered":"<p>Installation de po\u00eales \u00e0 bois Le po\u00eale \u00e0 bois comme la chemin\u00e9e nous offrent le chaleureux spectacle de la flamme. Un spectacle des plus agr\u00e9ables pour une chaleur douce et enveloppante. Avec tr\u00e8s peu de bois, vous atteignez pr\u00e8s de &hellip; <a href=\"https:\/\/aubontuyau.com\/?page_id=334\">Continuer la lecture <span class=\"meta-nav\">&rarr;<\/span><\/a><\/p>\n","protected":false},"author":1,"featured_media":0,"parent":0,"menu_order":0,"comment_status":"closed","ping_status":"closed","template":"","meta":{"_exactmetrics_skip_tracking":false,"_exactmetrics_sitenote_active":false,"_exactmetrics_sitenote_note":"","_exactmetrics_sitenote_category":0,"footnotes":""},"class_list":["post-334","page","type-page","status-publish","hentry"],"_links":{"self":[{"href":"https:\/\/aubontuyau.com\/index.php?rest_route=\/wp\/v2\/pages\/334"}],"collection":[{"href":"https:\/\/aubontuyau.com\/index.php?rest_route=\/wp\/v2\/pages"}],"about":[{"href":"https:\/\/aubontuyau.com\/index.php?rest_route=\/wp\/v2\/types\/page"}],"author":[{"embeddable":true,"href":"https:\/\/aubontuyau.com\/index.php?rest_route=\/wp\/v2\/users\/1"}],"replies":[{"embeddable":true,"href":"https:\/\/aubontuyau.com\/index.php?rest_route=%2Fwp%2Fv2%2Fcomments&post=334"}],"version-history":[{"count":2,"href":"https:\/\/aubontuyau.com\/index.php?rest_route=\/wp\/v2\/pages\/334\/revisions"}],"predecessor-version":[{"id":2450,"href":"https:\/\/aubontuyau.com\/index.php?rest_route=\/wp\/v2\/pages\/334\/revisions\/2450"}],"wp:attachment":[{"href":"https:\/\/aubontuyau.com\/index.php?rest_route=%2Fwp%2Fv2%2Fmedia&parent=334"}],"curies":[{"name":"wp","href":"https:\/\/api.w.org\/{rel}","templated":true}]}}