{"id":5,"date":"2015-06-18T07:23:53","date_gmt":"2015-06-18T07:23:53","guid":{"rendered":"http:\/\/aubontuyau.com\/?page_id=5"},"modified":"2026-01-17T16:05:11","modified_gmt":"2026-01-17T16:05:11","slug":"bienvenue","status":"publish","type":"page","link":"https:\/\/aubontuyau.com\/","title":{"rendered":"BIENVENUE"},"content":{"rendered":"<p><a href=\"http:\/\/aubontuyau.com\/wp-content\/uploads\/2015\/06\/fall-1072821_1920.jpg\" rel=\"attachment wp-att-327\"><img loading=\"lazy\" decoding=\"async\" class=\"size-medium wp-image-327 alignright\" src=\"http:\/\/aubontuyau.com\/wp-content\/uploads\/2015\/06\/fall-1072821_1920-300x200.jpg\" alt=\"fall-1072821_1920\" width=\"300\" height=\"200\" srcset=\"https:\/\/aubontuyau.com\/wp-content\/uploads\/2015\/06\/fall-1072821_1920-300x200.jpg 300w, https:\/\/aubontuyau.com\/wp-content\/uploads\/2015\/06\/fall-1072821_1920-768x512.jpg 768w, https:\/\/aubontuyau.com\/wp-content\/uploads\/2015\/06\/fall-1072821_1920-1024x683.jpg 1024w, https:\/\/aubontuyau.com\/wp-content\/uploads\/2015\/06\/fall-1072821_1920-450x300.jpg 450w, https:\/\/aubontuyau.com\/wp-content\/uploads\/2015\/06\/fall-1072821_1920.jpg 1920w\" sizes=\"(max-width: 300px) 100vw, 300px\" \/><\/a><a href=\"http:\/\/aubontuyau.com\/wp-content\/uploads\/2015\/06\/spring-awakening-1197603_1920.jpg\" rel=\"attachment wp-att-328\"><img loading=\"lazy\" decoding=\"async\" class=\"size-medium wp-image-328 alignright\" src=\"http:\/\/aubontuyau.com\/wp-content\/uploads\/2015\/06\/spring-awakening-1197603_1920-300x164.jpg\" alt=\"spring-awakening-1197603_1920\" width=\"300\" height=\"164\" srcset=\"https:\/\/aubontuyau.com\/wp-content\/uploads\/2015\/06\/spring-awakening-1197603_1920-300x164.jpg 300w, https:\/\/aubontuyau.com\/wp-content\/uploads\/2015\/06\/spring-awakening-1197603_1920-768x421.jpg 768w, https:\/\/aubontuyau.com\/wp-content\/uploads\/2015\/06\/spring-awakening-1197603_1920-1024x561.jpg 1024w, https:\/\/aubontuyau.com\/wp-content\/uploads\/2015\/06\/spring-awakening-1197603_1920-500x274.jpg 500w, https:\/\/aubontuyau.com\/wp-content\/uploads\/2015\/06\/spring-awakening-1197603_1920.jpg 1920w\" sizes=\"(max-width: 300px) 100vw, 300px\" \/><\/a><\/p>\n<p><strong>BIENVENUE<\/strong><\/p>\n<p>Sur le site de l&rsquo;entreprise.<\/p>\n<p><strong>AU BON TUYAU NORMAND<\/strong><\/p>\n<p>situ\u00e9 entre EVREUX et LISIEUX pr\u00e9s de BERNAY<\/p>\n<p>Sp\u00e9cialis\u00e9e dans la pose et\u00a0maintenance \u00e9nerg\u00e9tique utilisant comme combustible le bois et granul\u00e9 de bois.<\/p>\n<p>Je suis d\u00e9sireux d\u2019apporter un service complet et de qualit\u00e9 \u00e0 mes clients, toujours en me souciant du s\u00e9rieux propos\u00e9 aux prestations r\u00e9alis\u00e9es.<\/p>\n<p>Mon \u00e9coute, mes comp\u00e9tences et ma r\u00e9activit\u00e9 sont les \u00e9l\u00e9ments primordiaux dans le bon d\u00e9roulement de mes interventions.<\/p>\n","protected":false},"excerpt":{"rendered":"<p>BIENVENUE Sur le site de l&rsquo;entreprise. AU BON TUYAU NORMAND situ\u00e9 entre EVREUX et LISIEUX pr\u00e9s de BERNAY Sp\u00e9cialis\u00e9e dans la pose et\u00a0maintenance \u00e9nerg\u00e9tique utilisant comme combustible le bois et granul\u00e9 de bois. Je suis d\u00e9sireux d\u2019apporter un service complet &hellip; <a href=\"https:\/\/aubontuyau.com\/\">Continuer la lecture <span class=\"meta-nav\">&rarr;<\/span><\/a><\/p>\n","protected":false},"author":1,"featured_media":0,"parent":0,"menu_order":0,"comment_status":"closed","ping_status":"closed","template":"","meta":{"_exactmetrics_skip_tracking":false,"_exactmetrics_sitenote_active":false,"_exactmetrics_sitenote_note":"","_exactmetrics_sitenote_category":0,"footnotes":""},"class_list":["post-5","page","type-page","status-publish","hentry"],"_links":{"self":[{"href":"https:\/\/aubontuyau.com\/index.php?rest_route=\/wp\/v2\/pages\/5"}],"collection":[{"href":"https:\/\/aubontuyau.com\/index.php?rest_route=\/wp\/v2\/pages"}],"about":[{"href":"https:\/\/aubontuyau.com\/index.php?rest_route=\/wp\/v2\/types\/page"}],"author":[{"embeddable":true,"href":"https:\/\/aubontuyau.com\/index.php?rest_route=\/wp\/v2\/users\/1"}],"replies":[{"embeddable":true,"href":"https:\/\/aubontuyau.com\/index.php?rest_route=%2Fwp%2Fv2%2Fcomments&post=5"}],"version-history":[{"count":1,"href":"https:\/\/aubontuyau.com\/index.php?rest_route=\/wp\/v2\/pages\/5\/revisions"}],"predecessor-version":[{"id":2438,"href":"https:\/\/aubontuyau.com\/index.php?rest_route=\/wp\/v2\/pages\/5\/revisions\/2438"}],"wp:attachment":[{"href":"https:\/\/aubontuyau.com\/index.php?rest_route=%2Fwp%2Fv2%2Fmedia&parent=5"}],"curies":[{"name":"wp","href":"https:\/\/api.w.org\/{rel}","templated":true}]}}