{"id":7,"date":"2015-06-18T07:24:27","date_gmt":"2015-06-18T07:24:27","guid":{"rendered":"http:\/\/aubontuyau.com\/?page_id=7"},"modified":"2026-01-17T16:02:28","modified_gmt":"2026-01-17T16:02:28","slug":"ramonage-poele-insert-cheminee","status":"publish","type":"page","link":"https:\/\/aubontuyau.com\/?page_id=7","title":{"rendered":"RAMONAGE PO\u00caLE INSERT CHEMIN\u00c9E"},"content":{"rendered":"<h1><a title=\"RAMONAGE\" href=\"http:\/\/aubontuyau.com\/?page_id=7\"><img loading=\"lazy\" decoding=\"async\" class=\"alignnone size-medium wp-image-98\" src=\"http:\/\/aubontuyau.com\/wp-content\/uploads\/2015\/06\/chimney-sweep-647678_1280-300x225.jpg\" alt=\"chimney-sweep-647678_1280\" width=\"300\" height=\"225\" \/><\/a><\/h1>\n<h1>LE RAMONAGE\u00a0: une solution <strong>indispensable<\/strong> pour votre s\u00e9curit\u00e9.<\/h1>\n<div id=\"texteLongImageCourte2-0\" class=\"ideo_gdc_texteLongImageCourte2\">\n<div class=\"blocTexte1\">\n<p>N&rsquo;oubliez pas qu&rsquo;un ramonage r\u00e9gulier am\u00e9liore votre protection en r\u00e9duisant les risques de feu de chemin\u00e9e et d&rsquo;intoxication. Un bon bois de chauffage et important.<\/p>\n<p>Bien que les premiers\u00a0froid\u00a0de l&rsquo;automne vous rappellent que vous devez faire le ramonage de votre POELE OU INSERT, je peux effectuer ce travail \u00e0 toute p\u00e9riode de l&rsquo;ann\u00e9e.<strong>N&rsquo;h\u00e9sitez pas \u00e0 me contacter pour prendre rendez-vous.<\/strong><\/p>\n<\/div>\n<div class=\"clearer\">\u00a0J&rsquo;utilise une technique<strong> traditionnelle et moderne<\/strong>\u00a0: \u00ab\u00a0un h\u00e9risson rotatif\u00a0\u00bb (brosse en rotation adapt\u00e9e au diam\u00e8tre du conduit de fum\u00e9e prolong\u00e9 de plusieurs flexibles pour atteindre la longueur n\u00e9cessaire), est pouss\u00e9 de bas en haut avec une rotation qui permet de d\u00e9coller les suies qui sont enlev\u00e9es par un aspirateur. Je prot\u00e8ge votre int\u00e9rieur , travail soign\u00e9.<\/div>\n<div class=\"clearer\"><\/div>\n<\/div>\n<div id=\"texteLong1-1\" class=\"ideo_gdc_texteLong1\">\n<div class=\"blocTexte1\">\n<h2>TARIF 2026 POUR LE RAMONAGE<\/h2>\n<div class=\"Colonne30\">\n<h3><strong>Po\u00eale \u00e0 BOIS\u00a0 \/INSERT tub\u00e9<\/strong><\/h3>\n<p><strong>90 \u20ac \/ ramonage et d\u00e9placement 30km .\u00a0\u00a0de 30 a 40km\u00a0 +15.00\u20ac suppl\u00e9mentaire de 40 a 50km+25.00\u20ac suppl\u00e9mentaire . maxi 50km\u00a0<\/strong><\/p>\n<p><strong>L&rsquo;ENTREPRISE NE FAIT PLUS DE CHEMIN\u00c9E OUVERTE<\/strong><\/p>\n<p>Horaires des services de <strong>9h00<\/strong> \u00e0 <strong>19h00<\/strong> du <strong>lundi<\/strong> au <strong>vendredi<\/strong>.<\/p>\n<\/div>\n<div class=\"BoiteTarif\">\n<p><strong>Tous nos tarifs sont affich\u00e9s en TTC<\/strong><\/p>\n<\/div>\n<\/div>\n<\/div>\n","protected":false},"excerpt":{"rendered":"<p>LE RAMONAGE\u00a0: une solution indispensable pour votre s\u00e9curit\u00e9. N&rsquo;oubliez pas qu&rsquo;un ramonage r\u00e9gulier am\u00e9liore votre protection en r\u00e9duisant les risques de feu de chemin\u00e9e et d&rsquo;intoxication. Un bon bois de chauffage et important. Bien que les premiers\u00a0froid\u00a0de l&rsquo;automne vous rappellent &hellip; <a href=\"https:\/\/aubontuyau.com\/?page_id=7\">Continuer la lecture <span class=\"meta-nav\">&rarr;<\/span><\/a><\/p>\n","protected":false},"author":1,"featured_media":0,"parent":0,"menu_order":0,"comment_status":"closed","ping_status":"open","template":"","meta":{"_exactmetrics_skip_tracking":false,"_exactmetrics_sitenote_active":false,"_exactmetrics_sitenote_note":"","_exactmetrics_sitenote_category":0,"footnotes":""},"class_list":["post-7","page","type-page","status-publish","hentry"],"_links":{"self":[{"href":"https:\/\/aubontuyau.com\/index.php?rest_route=\/wp\/v2\/pages\/7"}],"collection":[{"href":"https:\/\/aubontuyau.com\/index.php?rest_route=\/wp\/v2\/pages"}],"about":[{"href":"https:\/\/aubontuyau.com\/index.php?rest_route=\/wp\/v2\/types\/page"}],"author":[{"embeddable":true,"href":"https:\/\/aubontuyau.com\/index.php?rest_route=\/wp\/v2\/users\/1"}],"replies":[{"embeddable":true,"href":"https:\/\/aubontuyau.com\/index.php?rest_route=%2Fwp%2Fv2%2Fcomments&post=7"}],"version-history":[{"count":2,"href":"https:\/\/aubontuyau.com\/index.php?rest_route=\/wp\/v2\/pages\/7\/revisions"}],"predecessor-version":[{"id":2451,"href":"https:\/\/aubontuyau.com\/index.php?rest_route=\/wp\/v2\/pages\/7\/revisions\/2451"}],"wp:attachment":[{"href":"https:\/\/aubontuyau.com\/index.php?rest_route=%2Fwp%2Fv2%2Fmedia&parent=7"}],"curies":[{"name":"wp","href":"https:\/\/api.w.org\/{rel}","templated":true}]}}