{"id":9,"date":"2015-06-18T07:26:56","date_gmt":"2015-06-18T07:26:56","guid":{"rendered":"http:\/\/aubontuyau.com\/?page_id=9"},"modified":"2026-01-17T15:58:48","modified_gmt":"2026-01-17T15:58:48","slug":"entretien-poele-insert-a-granule","status":"publish","type":"page","link":"https:\/\/aubontuyau.com\/?page_id=9","title":{"rendered":"ENTRETIEN POELE &#038; INSERT A GRANUL\u00c9"},"content":{"rendered":"<div class=\"BoiteDiagnostic\">\n<p><a title=\"ENTRETIEN\" href=\"http:\/\/aubontuyau.com\/?page_id=9\"><img decoding=\"async\" src=\"https:\/\/www.poelesabois.com\/gestion\/photos\/men_236_20120722-204951.jpg\" alt=\"\" \/><\/a>L&rsquo;entretien annuel d&rsquo;un appareil de chauffage est obligatoire.<\/p>\n<p>Autre l&rsquo;aspect r\u00e9glementaire, l&rsquo;entretien est un rendez vous annuel qui permet de faire le point , et ainsi de vous apporter mes conseils.<\/p>\n<p>Bien entendu l&rsquo;entretien permet de maintenir le bon fonctionnement et ainsi \u00a0les performances de l&rsquo;appareil. L&rsquo;aspect pr\u00e9ventif diminue le risque de panne intempestive et de diminuer les co\u00fbts en pi\u00e8ces d\u00e9tach\u00e9es dans le temps .<\/p>\n<\/div>\n<h2>TARIF 2026 POUR L&rsquo;ENTRETIEN ANNUEL<\/h2>\n<div class=\"Colonne30\">\n<h3><strong>Po\u00eale \u00e0 granul\u00e9 \/ po\u00eale \u00e0 PELLET<\/strong><\/h3>\n<p><strong>190 \u20ac \/ intervention avec ramonage et d\u00e9placement 30km . de 30 a 40km\u00a0 +15.00\u20ac suppl\u00e9mentaire de 40 a 50km+25.00\u20ac suppl\u00e9mentaire . maxi 50km<\/strong><\/p>\n<p><strong>INSERT A GRANUL\u00c9 \/<\/strong><strong>\u00a0PELLET<\/strong><\/p>\n<p><strong>230 \u20ac \/ intervention avec ramonage et d\u00e9placement 30km . de 30 a 40km\u00a0 +15.00\u20ac suppl\u00e9mentaire de 40 a 50km+25.00\u20ac suppl\u00e9mentaire . maxi 50km<\/strong><\/p>\n<\/div>\n<div class=\"BoiteTarif\">\n<p>Horaires des services de <strong>9h00<\/strong> \u00e0 <strong>19h00<\/strong> du lundi au vendredi.<\/p>\n<p><strong>Tous nos tarifs sont affich\u00e9s en TTC<\/strong><\/p>\n<\/div>\n","protected":false},"excerpt":{"rendered":"<p>L&rsquo;entretien annuel d&rsquo;un appareil de chauffage est obligatoire. Autre l&rsquo;aspect r\u00e9glementaire, l&rsquo;entretien est un rendez vous annuel qui permet de faire le point , et ainsi de vous apporter mes conseils. Bien entendu l&rsquo;entretien permet de maintenir le bon fonctionnement &hellip; <a href=\"https:\/\/aubontuyau.com\/?page_id=9\">Continuer la lecture <span class=\"meta-nav\">&rarr;<\/span><\/a><\/p>\n","protected":false},"author":1,"featured_media":0,"parent":0,"menu_order":0,"comment_status":"closed","ping_status":"closed","template":"","meta":{"_exactmetrics_skip_tracking":false,"_exactmetrics_sitenote_active":false,"_exactmetrics_sitenote_note":"","_exactmetrics_sitenote_category":0,"footnotes":""},"class_list":["post-9","page","type-page","status-publish","hentry"],"_links":{"self":[{"href":"https:\/\/aubontuyau.com\/index.php?rest_route=\/wp\/v2\/pages\/9"}],"collection":[{"href":"https:\/\/aubontuyau.com\/index.php?rest_route=\/wp\/v2\/pages"}],"about":[{"href":"https:\/\/aubontuyau.com\/index.php?rest_route=\/wp\/v2\/types\/page"}],"author":[{"embeddable":true,"href":"https:\/\/aubontuyau.com\/index.php?rest_route=\/wp\/v2\/users\/1"}],"replies":[{"embeddable":true,"href":"https:\/\/aubontuyau.com\/index.php?rest_route=%2Fwp%2Fv2%2Fcomments&post=9"}],"version-history":[{"count":2,"href":"https:\/\/aubontuyau.com\/index.php?rest_route=\/wp\/v2\/pages\/9\/revisions"}],"predecessor-version":[{"id":2447,"href":"https:\/\/aubontuyau.com\/index.php?rest_route=\/wp\/v2\/pages\/9\/revisions\/2447"}],"wp:attachment":[{"href":"https:\/\/aubontuyau.com\/index.php?rest_route=%2Fwp%2Fv2%2Fmedia&parent=9"}],"curies":[{"name":"wp","href":"https:\/\/api.w.org\/{rel}","templated":true}]}}